{"id":813,"date":"2024-04-08T22:47:48","date_gmt":"2024-04-08T20:47:48","guid":{"rendered":"https:\/\/wsite4.tw1.ru\/?page_id=813"},"modified":"2024-08-26T20:08:31","modified_gmt":"2024-08-26T18:08:31","slug":"domeniul-marimi-geometrice","status":"publish","type":"page","link":"https:\/\/metronlab.md\/ro\/servicii\/domeniul-marimi-geometrice\/","title":{"rendered":"Domeniul M\u0103rimi Geometrice"},"content":{"rendered":"<style>.elementor-813 .elementor-element.elementor-element-7d2ac21 > .elementor-container{max-width:1290px;}.elementor-813 .elementor-element.elementor-element-7d2ac21:not(.elementor-motion-effects-element-type-background), .elementor-813 .elementor-element.elementor-element-7d2ac21 > .elementor-motion-effects-container > .elementor-motion-effects-layer{background-color:transparent;background-image:radial-gradient(at top center, var( --e-global-color-7a43964 ) 0%, var( --e-global-color-primary ) 65%);}.elementor-813 .elementor-element.elementor-element-7d2ac21 > .elementor-background-overlay{opacity:0.15;transition:background 0.3s, border-radius 0.3s, opacity 0.3s;}.elementor-813 .elementor-element.elementor-element-7d2ac21{transition:background 0.3s, border 0.3s, border-radius 0.3s, box-shadow 0.3s;margin-top:0px;margin-bottom:0px;padding:250px 0px 200px 0px;z-index:20;}.elementor-813 .elementor-element.elementor-element-7d2ac21 > .elementor-shape-bottom .elementor-shape-fill{fill:var( --e-global-color-secondary );}.elementor-813 .elementor-element.elementor-element-7d2ac21 > .elementor-shape-bottom svg{height:100px;transform:translateX(-50%) rotateY(180deg);}.elementor-bc-flex-widget .elementor-813 .elementor-element.elementor-element-87754ee.elementor-column .elementor-widget-wrap{align-items:flex-start;}.elementor-813 .elementor-element.elementor-element-87754ee.elementor-column.elementor-element[data-element_type=\"column\"] > .elementor-widget-wrap.elementor-element-populated{align-content:flex-start;align-items:flex-start;}.elementor-813 .elementor-element.elementor-element-87754ee.elementor-column > .elementor-widget-wrap{justify-content:center;}.elementor-813 .elementor-element.elementor-element-7636511 .jeg-elementor-kit.jkit-animated-text{text-align:center;}.elementor-813 .elementor-element.elementor-element-7636511 .jeg-elementor-kit.jkit-animated-text .animated-text .normal-text{font-family:var( --e-global-typography-caa6248-font-family ), Sans-serif;font-size:var( --e-global-typography-caa6248-font-size );font-weight:var( --e-global-typography-caa6248-font-weight );line-height:var( --e-global-typography-caa6248-line-height );letter-spacing:var( --e-global-typography-caa6248-letter-spacing );word-spacing:var( --e-global-typography-caa6248-word-spacing );}.elementor-813 .elementor-element.elementor-element-7636511 .jeg-elementor-kit.jkit-animated-text .animated-text .normal-text.style-color{color:var( --e-global-color-secondary );}.elementor-813 .elementor-element.elementor-element-7636511 .jeg-elementor-kit.jkit-animated-text .animated-text .dynamic-text{font-family:var( --e-global-typography-caa6248-font-family ), Sans-serif;font-size:var( --e-global-typography-caa6248-font-size );font-weight:var( --e-global-typography-caa6248-font-weight );line-height:var( --e-global-typography-caa6248-line-height );letter-spacing:var( --e-global-typography-caa6248-letter-spacing );word-spacing:var( --e-global-typography-caa6248-word-spacing );}.elementor-813 .elementor-element.elementor-element-7636511 .jeg-elementor-kit.jkit-animated-text .animated-text .dynamic-wrapper.style-gradient:not(.typing-delete) .dynamic-text, .elementor-813 .elementor-element.elementor-element-7636511 .jeg-elementor-kit.jkit-animated-text .animated-text .dynamic-wrapper.style-gradient:not(.typing-delete) .dynamic-text .dynamic-text-letter{background-color:transparent;background-image:linear-gradient(160deg, var( --e-global-color-secondary ) 35%, var( --e-global-color-7c5eabc ) 100%);}.elementor-813 .elementor-element.elementor-element-7636511{width:var( --container-widget-width, 76.96% );max-width:76.96%;--container-widget-width:76.96%;--container-widget-flex-grow:0;}.elementor-813 .elementor-element.elementor-element-7636511.elementor-element{--flex-grow:0;--flex-shrink:0;}.elementor-813 .elementor-element.elementor-element-e8769e1{--display:flex;--flex-direction:column;--container-widget-width:calc( ( 1 - var( --container-widget-flex-grow ) ) * 100% );--container-widget-height:initial;--container-widget-flex-grow:0;--container-widget-align-self:initial;--flex-wrap-mobile:wrap;--align-items:stretch;--gap:10px 10px;--row-gap:10px;--column-gap:10px;--padding-top:100px;--padding-bottom:150px;--padding-left:0px;--padding-right:0px;--z-index:20;}.elementor-813 .elementor-element.elementor-element-e8769e1:not(.elementor-motion-effects-element-type-background), .elementor-813 .elementor-element.elementor-element-e8769e1 > .elementor-motion-effects-container > .elementor-motion-effects-layer{background-color:var( --e-global-color-secondary );}.elementor-813 .elementor-element.elementor-element-62d14af{--display:flex;}.elementor-813 .elementor-element.elementor-element-c24c4e3{--display:flex;--flex-direction:row;--container-widget-width:calc( ( 1 - var( --container-widget-flex-grow ) ) * 100% );--container-widget-height:100%;--container-widget-flex-grow:1;--container-widget-align-self:stretch;--flex-wrap-mobile:wrap;--align-items:stretch;--gap:0px 0px;--row-gap:0px;--column-gap:0px;--margin-top:60px;--margin-bottom:0px;--margin-left:0px;--margin-right:0px;}.elementor-813 .elementor-element.elementor-element-80740bf{--display:flex;--margin-top:0px;--margin-bottom:0px;--margin-left:0px;--margin-right:40px;}.elementor-813 .elementor-element.elementor-element-047c8a8 .elementor-heading-title{font-family:var( --e-global-typography-1df2032-font-family ), Sans-serif;font-size:var( --e-global-typography-1df2032-font-size );font-weight:var( --e-global-typography-1df2032-font-weight );line-height:var( --e-global-typography-1df2032-line-height );letter-spacing:var( --e-global-typography-1df2032-letter-spacing );word-spacing:var( --e-global-typography-1df2032-word-spacing );}.elementor-813 .elementor-element.elementor-element-047c8a8 > .elementor-widget-container{margin:0px 0px 0px 0px;}.elementor-813 .elementor-element.elementor-element-43543f8{--divider-border-style:solid;--divider-color:var( --e-global-color-0314024 );--divider-border-width:1px;}.elementor-813 .elementor-element.elementor-element-43543f8 .elementor-divider-separator{width:100%;}.elementor-813 .elementor-element.elementor-element-43543f8 .elementor-divider{padding-block-start:5px;padding-block-end:5px;}.elementor-813 .elementor-element.elementor-element-de664fe{--display:flex;--margin-top:0px;--margin-bottom:0px;--margin-left:20px;--margin-right:20px;}.elementor-813 .elementor-element.elementor-element-5b5b5bd .elementor-heading-title{font-family:var( --e-global-typography-1df2032-font-family ), Sans-serif;font-size:var( --e-global-typography-1df2032-font-size );font-weight:var( --e-global-typography-1df2032-font-weight );line-height:var( --e-global-typography-1df2032-line-height );letter-spacing:var( --e-global-typography-1df2032-letter-spacing );word-spacing:var( --e-global-typography-1df2032-word-spacing );}.elementor-813 .elementor-element.elementor-element-5b5b5bd > .elementor-widget-container{margin:0px 0px 0px 0px;}.elementor-813 .elementor-element.elementor-element-1b2d793{--divider-border-style:solid;--divider-color:var( --e-global-color-0314024 );--divider-border-width:1px;}.elementor-813 .elementor-element.elementor-element-1b2d793 .elementor-divider-separator{width:100%;}.elementor-813 .elementor-element.elementor-element-1b2d793 .elementor-divider{padding-block-start:5px;padding-block-end:5px;}.elementor-813 .elementor-element.elementor-element-9e89467{--display:flex;}.elementor-813 .elementor-element.elementor-element-91eed3a .jeg-elementor-kit.jkit-button{text-align:center;}.elementor-813 .elementor-element.elementor-element-91eed3a .jeg-elementor-kit.jkit-button .jkit-button-wrapper{width:260px;padding:18px 32px 18px 32px;font-family:var( --e-global-typography-884a86b-font-family ), Sans-serif;font-size:var( --e-global-typography-884a86b-font-size );font-weight:var( --e-global-typography-884a86b-font-weight );text-decoration:var( --e-global-typography-884a86b-text-decoration );line-height:var( --e-global-typography-884a86b-line-height );letter-spacing:var( --e-global-typography-884a86b-letter-spacing );word-spacing:var( --e-global-typography-884a86b-word-spacing );color:var( --e-global-color-secondary );background-color:#3C52FF;border-style:none;border-radius:50px 50px 50px 50px;box-shadow:0px 0px 0px 0px rgba(0, 0, 0, 0);}.elementor-813 .elementor-element.elementor-element-91eed3a .jeg-elementor-kit.jkit-button .jkit-button-wrapper svg{fill:var( --e-global-color-secondary );width:15px;}.elementor-813 .elementor-element.elementor-element-91eed3a .jeg-elementor-kit.jkit-button .jkit-button-wrapper:hover{color:var( --e-global-color-secondary );}.elementor-813 .elementor-element.elementor-element-91eed3a .jeg-elementor-kit.jkit-button .jkit-button-wrapper:hover svg{fill:var( --e-global-color-secondary );}.elementor-813 .elementor-element.elementor-element-91eed3a .jeg-elementor-kit.jkit-button .jkit-button-wrapper:not(.hover-gradient):hover, .elementor-813 .elementor-element.elementor-element-91eed3a .jeg-elementor-kit.jkit-button .jkit-button-wrapper.hover-gradient:before{background-color:var( --e-global-color-93e4d24 );}.elementor-813 .elementor-element.elementor-element-91eed3a .jeg-elementor-kit.jkit-button .jkit-button-wrapper i{font-size:15px;}.elementor-813 .elementor-element.elementor-element-91eed3a .jeg-elementor-kit.jkit-button .jkit-button-wrapper i, .elementor-813 .elementor-element.elementor-element-91eed3a .jeg-elementor-kit.jkit-button .jkit-button-wrapper svg{-webkit-transform:translateY(-1px);-ms-transform:translateY(-1px);-o-transform:translateY(-1px);-moz-transform:translateY(-1px);transform:translateY(-1px);}.elementor-813 .elementor-element.elementor-element-91eed3a > .elementor-widget-container{margin:0px 0px 0px 0px;border-style:none;box-shadow:0px 0px 0px 0px rgba(83, 94.00000000000006, 174, 0);}.elementor-813 .elementor-element.elementor-element-91eed3a{width:100%;max-width:100%;align-self:center;}.elementor-813 .elementor-element.elementor-element-91eed3a:hover .elementor-widget-container{box-shadow:0px 0px 0px 0px rgba(255, 255, 255, 0);}@media(min-width:768px){.elementor-813 .elementor-element.elementor-element-e8769e1{--content-width:1000px;}.elementor-813 .elementor-element.elementor-element-62d14af{--width:100%;}.elementor-813 .elementor-element.elementor-element-9e89467{--width:100%;}}@media(max-width:1024px){.elementor-813 .elementor-element.elementor-element-7d2ac21{margin-top:0px;margin-bottom:0px;padding:250px 10px 160px 10px;}.elementor-813 .elementor-element.elementor-element-7636511 .jeg-elementor-kit.jkit-animated-text{text-align:center;}.elementor-813 .elementor-element.elementor-element-7636511 .jeg-elementor-kit.jkit-animated-text .animated-text .normal-text{font-size:var( --e-global-typography-caa6248-font-size );line-height:var( --e-global-typography-caa6248-line-height );letter-spacing:var( --e-global-typography-caa6248-letter-spacing );word-spacing:var( --e-global-typography-caa6248-word-spacing );}.elementor-813 .elementor-element.elementor-element-7636511 .jeg-elementor-kit.jkit-animated-text .animated-text .dynamic-text{font-size:var( --e-global-typography-caa6248-font-size );line-height:var( --e-global-typography-caa6248-line-height );letter-spacing:var( --e-global-typography-caa6248-letter-spacing );word-spacing:var( --e-global-typography-caa6248-word-spacing );}.elementor-813 .elementor-element.elementor-element-7636511 > .elementor-widget-container{margin:-30px 0px 30px 0px;}.elementor-813 .elementor-element.elementor-element-7636511{width:100%;max-width:100%;}.elementor-813 .elementor-element.elementor-element-7636511.elementor-element{--align-self:center;}.elementor-813 .elementor-element.elementor-element-e8769e1{--padding-top:75px;--padding-bottom:150px;--padding-left:10px;--padding-right:10px;}.elementor-813 .elementor-element.elementor-element-62d14af{--margin-top:0px;--margin-bottom:0px;--margin-left:0px;--margin-right:0px;}.elementor-813 .elementor-element.elementor-element-80740bf{--margin-top:0px;--margin-bottom:0px;--margin-left:0px;--margin-right:30px;}.elementor-813 .elementor-element.elementor-element-047c8a8 .elementor-heading-title{font-size:var( --e-global-typography-1df2032-font-size );line-height:var( --e-global-typography-1df2032-line-height );letter-spacing:var( --e-global-typography-1df2032-letter-spacing );word-spacing:var( --e-global-typography-1df2032-word-spacing );}.elementor-813 .elementor-element.elementor-element-de664fe{--margin-top:0px;--margin-bottom:0px;--margin-left:30px;--margin-right:0px;}.elementor-813 .elementor-element.elementor-element-5b5b5bd .elementor-heading-title{font-size:var( --e-global-typography-1df2032-font-size );line-height:var( --e-global-typography-1df2032-line-height );letter-spacing:var( --e-global-typography-1df2032-letter-spacing );word-spacing:var( --e-global-typography-1df2032-word-spacing );}.elementor-813 .elementor-element.elementor-element-91eed3a .jeg-elementor-kit.jkit-button{text-align:center;}.elementor-813 .elementor-element.elementor-element-91eed3a .jeg-elementor-kit.jkit-button .jkit-button-wrapper{width:220px;padding:18px 0px 18px 0px;font-size:var( --e-global-typography-884a86b-font-size );line-height:var( --e-global-typography-884a86b-line-height );letter-spacing:var( --e-global-typography-884a86b-letter-spacing );word-spacing:var( --e-global-typography-884a86b-word-spacing );}}@media(max-width:767px){.elementor-813 .elementor-element.elementor-element-7d2ac21 > .elementor-shape-bottom svg{height:50px;}.elementor-813 .elementor-element.elementor-element-7d2ac21{padding:220px 10px 100px 10px;}.elementor-813 .elementor-element.elementor-element-7636511 .jeg-elementor-kit.jkit-animated-text .animated-text .normal-text{font-size:var( --e-global-typography-caa6248-font-size );line-height:var( --e-global-typography-caa6248-line-height );letter-spacing:var( --e-global-typography-caa6248-letter-spacing );word-spacing:var( --e-global-typography-caa6248-word-spacing );}.elementor-813 .elementor-element.elementor-element-7636511 .jeg-elementor-kit.jkit-animated-text .animated-text .dynamic-text{font-size:var( --e-global-typography-caa6248-font-size );line-height:var( --e-global-typography-caa6248-line-height );letter-spacing:var( --e-global-typography-caa6248-letter-spacing );word-spacing:var( --e-global-typography-caa6248-word-spacing );}.elementor-813 .elementor-element.elementor-element-e8769e1{--padding-top:80px;--padding-bottom:80px;--padding-left:10px;--padding-right:10px;}.elementor-813 .elementor-element.elementor-element-80740bf{--margin-top:0px;--margin-bottom:50px;--margin-left:0px;--margin-right:0px;}.elementor-813 .elementor-element.elementor-element-047c8a8 .elementor-heading-title{font-size:var( --e-global-typography-1df2032-font-size );line-height:var( --e-global-typography-1df2032-line-height );letter-spacing:var( --e-global-typography-1df2032-letter-spacing );word-spacing:var( --e-global-typography-1df2032-word-spacing );}.elementor-813 .elementor-element.elementor-element-de664fe{--margin-top:0px;--margin-bottom:0px;--margin-left:0px;--margin-right:0px;}.elementor-813 .elementor-element.elementor-element-5b5b5bd .elementor-heading-title{font-size:var( --e-global-typography-1df2032-font-size );line-height:var( --e-global-typography-1df2032-line-height );letter-spacing:var( --e-global-typography-1df2032-letter-spacing );word-spacing:var( --e-global-typography-1df2032-word-spacing );}.elementor-813 .elementor-element.elementor-element-91eed3a .jeg-elementor-kit.jkit-button .jkit-button-wrapper{font-size:var( --e-global-typography-884a86b-font-size );line-height:var( --e-global-typography-884a86b-line-height );letter-spacing:var( --e-global-typography-884a86b-letter-spacing );word-spacing:var( --e-global-typography-884a86b-word-spacing );}.elementor-813 .elementor-element.elementor-element-91eed3a > .elementor-widget-container{margin:20px 0px 0px 0px;}}@media(max-width:1024px) and (min-width:768px){.elementor-813 .elementor-element.elementor-element-87754ee{width:100%;}.elementor-813 .elementor-element.elementor-element-80740bf{--width:50%;}.elementor-813 .elementor-element.elementor-element-de664fe{--width:50%;}}<\/style>\t\t<div data-elementor-type=\"wp-page\" data-elementor-id=\"813\" class=\"elementor elementor-813\" data-elementor-post-type=\"page\">\n\t\t\t\t\t\t<section class=\"elementor-section elementor-top-section elementor-element elementor-element-7d2ac21 elementor-section-boxed elementor-section-height-default elementor-section-height-default\" data-id=\"7d2ac21\" data-element_type=\"section\" data-e-type=\"section\" data-settings=\"{&quot;shape_divider_bottom&quot;:&quot;tilt&quot;,&quot;background_background&quot;:&quot;gradient&quot;}\">\n\t\t\t\t\t\t\t<div class=\"elementor-background-overlay\"><\/div>\n\t\t\t\t\t\t<div class=\"elementor-shape elementor-shape-bottom\" aria-hidden=\"true\" data-negative=\"false\">\n\t\t\t<svg xmlns=\"http:\/\/www.w3.org\/2000\/svg\" viewBox=\"0 0 1000 100\" preserveAspectRatio=\"none\">\n\t<path class=\"elementor-shape-fill\" d=\"M0,6V0h1000v100L0,6z\"\/>\n<\/svg>\t\t<\/div>\n\t\t\t\t\t<div class=\"elementor-container elementor-column-gap-default\">\n\t\t\t\t\t<div class=\"elementor-column elementor-col-100 elementor-top-column elementor-element elementor-element-87754ee\" data-id=\"87754ee\" data-element_type=\"column\" data-e-type=\"column\">\n\t\t\t<div class=\"elementor-widget-wrap elementor-element-populated\">\n\t\t\t\t\t\t<div class=\"elementor-element elementor-element-7636511 animated-slow elementor-widget__width-initial elementor-widget-tablet__width-inherit elementor-invisible elementor-widget elementor-widget-jkit_animated_text\" data-id=\"7636511\" data-element_type=\"widget\" data-e-type=\"widget\" data-settings=\"{&quot;_animation&quot;:&quot;fadeIn&quot;}\" data-widget_type=\"jkit_animated_text.default\">\n\t\t\t\t<div class=\"elementor-widget-container\">\n\t\t\t\t\t<div  class=\"jeg-elementor-kit jkit-animated-text jeg_module___69e5aaebf3a54\"  data-style=\"none\"><h1 class=\"animated-text\"><span class=\"normal-text style-color\"><\/span><span class=\"dynamic-wrapper style-gradient\"><span class=\"dynamic-text\">Domeniul M\u0103rimi Geometrice<\/span><\/span><span class=\"normal-text style-color\"><\/span><\/h1><\/div>\t\t\t\t<\/div>\n\t\t\t\t<\/div>\n\t\t\t\t\t<\/div>\n\t\t<\/div>\n\t\t\t\t\t<\/div>\n\t\t<\/section>\n\t\t<div class=\"elementor-element elementor-element-e8769e1 e-flex e-con-boxed e-con e-parent\" data-id=\"e8769e1\" data-element_type=\"container\" data-e-type=\"container\" data-settings=\"{&quot;background_background&quot;:&quot;classic&quot;}\">\n\t\t\t\t\t<div class=\"e-con-inner\">\n\t\t<div class=\"elementor-element elementor-element-62d14af e-con-full e-flex e-con e-child\" data-id=\"62d14af\" data-element_type=\"container\" data-e-type=\"container\">\n\t\t<div class=\"elementor-element elementor-element-c24c4e3 e-con-full e-flex elementor-invisible e-con e-child\" data-id=\"c24c4e3\" data-element_type=\"container\" data-e-type=\"container\" data-settings=\"{&quot;animation&quot;:&quot;fadeIn&quot;}\">\n\t\t<div class=\"elementor-element elementor-element-80740bf e-con-full e-flex e-con e-child\" data-id=\"80740bf\" data-element_type=\"container\" data-e-type=\"container\">\n\t\t\t\t<div class=\"elementor-element elementor-element-047c8a8 elementor-widget elementor-widget-heading\" data-id=\"047c8a8\" data-element_type=\"widget\" data-e-type=\"widget\" data-widget_type=\"heading.default\">\n\t\t\t\t<div class=\"elementor-widget-container\">\n\t\t\t\t\t<h2 class=\"elementor-heading-title elementor-size-default\">Taximetru electronic cu memorie fiscal\u0103<\/br><\/br><\/h2>\t\t\t\t<\/div>\n\t\t\t\t<\/div>\n\t\t\t\t<div class=\"elementor-element elementor-element-43543f8 elementor-widget-divider--view-line elementor-widget elementor-widget-divider\" data-id=\"43543f8\" data-element_type=\"widget\" data-e-type=\"widget\" data-widget_type=\"divider.default\">\n\t\t\t\t<div class=\"elementor-widget-container\">\n\t\t\t\t\t\t\t<div class=\"elementor-divider\">\n\t\t\t<span class=\"elementor-divider-separator\">\n\t\t\t\t\t\t<\/span>\n\t\t<\/div>\n\t\t\t\t\t\t<\/div>\n\t\t\t\t<\/div>\n\t\t\t\t<div class=\"elementor-element elementor-element-6bdf625 elementor-widget elementor-widget-text-editor\" data-id=\"6bdf625\" data-element_type=\"widget\" data-e-type=\"widget\" data-widget_type=\"text-editor.default\">\n\t\t\t\t<div class=\"elementor-widget-container\">\n\t\t\t\t\t\t\t\t\t<p>Taximetrul electronic cu memorie fiscal\u0103 este un dispozitiv utilizat \u00een industria de transport pentru calcularea \u0219i \u00eenregistrarea tarifelor de taxi \u00een func\u021bie de distan\u021ba parcurs\u0103 \u0219i timpul petrecut. \u00cen acest context, m\u0103surarea corect\u0103 a distan\u021bei \u0219i timpului este esen\u021bial\u0103.<\/p>\t\t\t\t\t\t\t\t<\/div>\n\t\t\t\t<\/div>\n\t\t\t\t<\/div>\n\t\t<div class=\"elementor-element elementor-element-de664fe e-con-full e-flex e-con e-child\" data-id=\"de664fe\" data-element_type=\"container\" data-e-type=\"container\">\n\t\t\t\t<div class=\"elementor-element elementor-element-5b5b5bd elementor-widget elementor-widget-heading\" data-id=\"5b5b5bd\" data-element_type=\"widget\" data-e-type=\"widget\" data-widget_type=\"heading.default\">\n\t\t\t\t<div class=\"elementor-widget-container\">\n\t\t\t\t\t<h2 class=\"elementor-heading-title elementor-size-default\">Rigl\u0103 gradat\u0103 inclusiv pentru m\u0103surarea nivelului \u00een rezervoare (tij\u0103 metric\u0103).<\/h2>\t\t\t\t<\/div>\n\t\t\t\t<\/div>\n\t\t\t\t<div class=\"elementor-element elementor-element-1b2d793 elementor-widget-divider--view-line elementor-widget elementor-widget-divider\" data-id=\"1b2d793\" data-element_type=\"widget\" data-e-type=\"widget\" data-widget_type=\"divider.default\">\n\t\t\t\t<div class=\"elementor-widget-container\">\n\t\t\t\t\t\t\t<div class=\"elementor-divider\">\n\t\t\t<span class=\"elementor-divider-separator\">\n\t\t\t\t\t\t<\/span>\n\t\t<\/div>\n\t\t\t\t\t\t<\/div>\n\t\t\t\t<\/div>\n\t\t\t\t<div class=\"elementor-element elementor-element-bb2dd9f elementor-widget elementor-widget-text-editor\" data-id=\"bb2dd9f\" data-element_type=\"widget\" data-e-type=\"widget\" data-widget_type=\"text-editor.default\">\n\t\t\t\t<div class=\"elementor-widget-container\">\n\t\t\t\t\t\t\t\t\t<p>Tija metric\u0103 este utilizat\u0103 pentru m\u0103surarea nivelului de lichide \u00een rezervoarele fixe de stocare. Este un mijloc de m\u0103surare esen\u021bial pentru monitorizarea precis\u0103 a volumului de lichid dintr-un rezervor. Aceast\u0103 tij\u0103, de obicei fabricat\u0103 dintr-un material rezistent la coroziune \u0219i uzur\u0103, este dotat\u0103 cu marcaje clare \u0219i precise, care permit citirea u\u0219oar\u0103 a nivelului lichidului.<\/p>\t\t\t\t\t\t\t\t<\/div>\n\t\t\t\t<\/div>\n\t\t\t\t<\/div>\n\t\t\t\t<\/div>\n\t\t\t\t<\/div>\n\t\t<div class=\"elementor-element elementor-element-9e89467 e-con-full e-flex e-con e-child\" data-id=\"9e89467\" data-element_type=\"container\" data-e-type=\"container\">\n\t\t\t\t<div class=\"elementor-element elementor-element-91eed3a elementor-widget__width-inherit elementor-widget elementor-widget-jkit_button\" data-id=\"91eed3a\" data-element_type=\"widget\" data-e-type=\"widget\" data-widget_type=\"jkit_button.default\">\n\t\t\t\t<div class=\"elementor-widget-container\">\n\t\t\t\t\t<div  class=\"jeg-elementor-kit jkit-button  icon-position-after jeg_module__1_69e5aaec011f0\" ><a href=\"\/cerere\/\" class=\"jkit-button-wrapper\">Programeaz\u0103-te la servicii<\/a><\/div>\t\t\t\t<\/div>\n\t\t\t\t<\/div>\n\t\t\t\t<\/div>\n\t\t\t\t\t<\/div>\n\t\t\t\t<\/div>\n\t\t\t\t<\/div>\n\t\t","protected":false},"excerpt":{"rendered":"<p>Domeniul M\u0103rimi Geometrice Taximetru electronic cu memorie fiscal\u0103 Taximetrul electronic cu memorie fiscal\u0103 este un dispozitiv utilizat \u00een industria de transport pentru calcularea \u0219i \u00eenregistrarea tarifelor de taxi \u00een func\u021bie de distan\u021ba parcurs\u0103 \u0219i timpul petrecut. \u00cen acest context, m\u0103surarea corect\u0103 a distan\u021bei \u0219i timpului este esen\u021bial\u0103. Rigl\u0103 gradat\u0103 inclusiv pentru m\u0103surarea nivelului \u00een rezervoare &hellip;<\/p>\n<p class=\"read-more\"> <a class=\"\" href=\"https:\/\/metronlab.md\/ro\/servicii\/domeniul-marimi-geometrice\/\"> <span class=\"screen-reader-text\">Domeniul M\u0103rimi Geometrice<\/span> Read More &raquo;<\/a><\/p>\n","protected":false},"author":1,"featured_media":0,"parent":92,"menu_order":0,"comment_status":"closed","ping_status":"closed","template":"","meta":{"site-sidebar-layout":"no-sidebar","site-content-layout":"page-builder","ast-global-header-display":"","ast-banner-title-visibility":"","ast-main-header-display":"","ast-hfb-above-header-display":"","ast-hfb-below-header-display":"","ast-hfb-mobile-header-display":"","site-post-title":"disabled","ast-breadcrumbs-content":"","ast-featured-img":"disabled","footer-sml-layout":"","theme-transparent-header-meta":"default","adv-header-id-meta":"","stick-header-meta":"","header-above-stick-meta":"","header-main-stick-meta":"","header-below-stick-meta":"","footnotes":""},"class_list":["post-813","page","type-page","status-publish","hentry"],"_links":{"self":[{"href":"https:\/\/metronlab.md\/ro\/wp-json\/wp\/v2\/pages\/813","targetHints":{"allow":["GET"]}}],"collection":[{"href":"https:\/\/metronlab.md\/ro\/wp-json\/wp\/v2\/pages"}],"about":[{"href":"https:\/\/metronlab.md\/ro\/wp-json\/wp\/v2\/types\/page"}],"author":[{"embeddable":true,"href":"https:\/\/metronlab.md\/ro\/wp-json\/wp\/v2\/users\/1"}],"replies":[{"embeddable":true,"href":"https:\/\/metronlab.md\/ro\/wp-json\/wp\/v2\/comments?post=813"}],"version-history":[{"count":0,"href":"https:\/\/metronlab.md\/ro\/wp-json\/wp\/v2\/pages\/813\/revisions"}],"up":[{"embeddable":true,"href":"https:\/\/metronlab.md\/ro\/wp-json\/wp\/v2\/pages\/92"}],"wp:attachment":[{"href":"https:\/\/metronlab.md\/ro\/wp-json\/wp\/v2\/media?parent=813"}],"curies":[{"name":"wp","href":"https:\/\/api.w.org\/{rel}","templated":true}]}}